{"id":540,"date":"2018-03-22T17:06:01","date_gmt":"2018-03-22T16:06:01","guid":{"rendered":"https:\/\/portugal.ghcranes.com\/ponte-rolante-portugal\/?page_id=540"},"modified":"2018-10-16T09:29:17","modified_gmt":"2018-10-16T08:29:17","slug":"ponte-rolante","status":"publish","type":"page","link":"https:\/\/portugal.ghcranes.com\/ponte-rolante-portugal\/ponte-rolante\/","title":{"rendered":"Ponte rolante"},"content":{"rendered":"<p>[et_pb_section bb_built=&#8221;1&#8243; fullwidth=&#8221;off&#8221; specialty=&#8221;off&#8221; transparent_background=&#8221;off&#8221; background_color=&#8221;#ffde01&#8243; allow_player_pause=&#8221;off&#8221; inner_shadow=&#8221;off&#8221; parallax=&#8221;off&#8221; parallax_method=&#8221;off&#8221; padding_mobile=&#8221;off&#8221; make_fullwidth=&#8221;off&#8221; use_custom_width=&#8221;off&#8221; width_unit=&#8221;on&#8221; make_equal=&#8221;off&#8221; use_custom_gutter=&#8221;off&#8221; custom_padding=&#8221;0px||0px|&#8221; custom_padding_last_edited=&#8221;off|desktop&#8221; custom_padding_tablet=&#8221;50px|0|50px|0&#8243; next_background_color=&#8221;#FFFFFF&#8221;][et_pb_row make_fullwidth=&#8221;off&#8221; use_custom_width=&#8221;off&#8221; width_unit=&#8221;on&#8221; use_custom_gutter=&#8221;off&#8221; padding_mobile=&#8221;off&#8221; allow_player_pause=&#8221;off&#8221; parallax=&#8221;off&#8221; parallax_method=&#8221;off&#8221; make_equal=&#8221;off&#8221; parallax_1=&#8221;off&#8221; parallax_method_1=&#8221;off&#8221; parallax_2=&#8221;off&#8221; parallax_method_2=&#8221;off&#8221; column_padding_mobile=&#8221;on&#8221; custom_padding=&#8221;5px||5px|&#8221; parallax_3=&#8221;off&#8221; parallax_method_3=&#8221;off&#8221; background_position=&#8221;top_left&#8221; background_repeat=&#8221;repeat&#8221; background_size=&#8221;initial&#8221;][et_pb_column type=&#8221;1_3&#8243;][et_pb_image admin_label=&#8221;Logo&#8221; src=&#8221;https:\/\/portugal.ghcranes.com\/ponte-rolante-portugal\/wp-content\/uploads\/2018\/04\/logo_GH-portugal.png&#8221; alt=&#8221;Logo GH Cranes &amp; Components&#8221; use_border_color=&#8221;off&#8221; custom_margin=&#8221;10px||10px|&#8221; url=&#8221;https:\/\/portugal.ghcranes.com\/ponte-rolante-portugal\/&#8221; _builder_version=&#8221;3.2.2&#8243; \/][\/et_pb_column][et_pb_column type=&#8221;2_3&#8243;][et_pb_text admin_label=&#8221;Titulo&#8221; use_border_color=&#8221;off&#8221; header_font_size=&#8221;24px&#8221; custom_margin=&#8221;8px|||&#8221; background_position=&#8221;top_left&#8221; background_repeat=&#8221;repeat&#8221; background_size=&#8221;initial&#8221; module_alignment=&#8221;left&#8221; _builder_version=&#8221;3.2.2&#8243; header_line_height=&#8221;2em&#8221;]<\/p>\n<h1 class=\"title entry-title\" style=\"text-align: right;\">\n<p>Ponte rolante<\/p>\n<\/h1>\n<p>[\/et_pb_text][\/et_pb_column][\/et_pb_row][\/et_pb_section][et_pb_section bb_built=&#8221;1&#8243; fullwidth=&#8221;on&#8221; specialty=&#8221;off&#8221; prev_background_color=&#8221;#ffde01&#8243; next_background_color=&#8221;rgba(255,255,255,0)&#8221;][et_pb_fullwidth_image admin_label=&#8221;Ponte rolante Portugal&#8221; _builder_version=&#8221;3.4.1&#8243; src=&#8221;https:\/\/portugal.ghcranes.com\/ponte-rolante-portugal\/wp-content\/uploads\/2018\/04\/gh-portugal-ponte-rolante.jpg&#8221; \/][\/et_pb_section][et_pb_section bb_built=&#8221;1&#8243; admin_label=&#8221;section&#8221; transparent_background=&#8221;on&#8221; background_color=&#8221;rgba(255,255,255,0)&#8221; allow_player_pause=&#8221;off&#8221; inner_shadow=&#8221;off&#8221; parallax=&#8221;off&#8221; parallax_method=&#8221;off&#8221; padding_mobile=&#8221;off&#8221; make_fullwidth=&#8221;off&#8221; use_custom_width=&#8221;off&#8221; width_unit=&#8221;on&#8221; make_equal=&#8221;off&#8221; use_custom_gutter=&#8221;off&#8221; custom_padding_tablet=&#8221;50px|0|50px|0&#8243; custom_padding_last_edited=&#8221;on|desktop&#8221; prev_background_color=&#8221;#FFFFFF&#8221; next_background_color=&#8221;#ffffff&#8221;][et_pb_row background_position=&#8221;top_left&#8221; background_repeat=&#8221;repeat&#8221; background_size=&#8221;initial&#8221;][et_pb_column type=&#8221;4_4&#8243;][et_pb_text use_border_color=&#8221;off&#8221; background_position=&#8221;top_left&#8221; background_repeat=&#8221;repeat&#8221; background_size=&#8221;initial&#8221; module_alignment=&#8221;left&#8221; _builder_version=&#8221;3.4.1&#8243;]<\/p>\n<p>Principalmente a <strong>ponte rolante GH Portugal<\/strong>, filial direta da f\u00e1brica, s\u00e3o pontes rolantes instaladas em naves industriais ou no exterior. S\u00e3o pontes rolantes com um sistema de eleva\u00e7\u00e3o com <strong>diferenciais <\/strong>ou <strong>carro aberto<\/strong>.<\/p>\n<p>H\u00e1 que ter em conta que a gama de capacidades est\u00e1 entre os 500 Kg e os 400.000 Kg. Por sua vez, mencionar que os grupos de trabalho v\u00e3o entre M4 e M8. Por outra parte, todos os equipamentos s\u00e3o fabricados sobre a norma europeia e com todas as certifica\u00e7\u00f5es internacionais.<\/p>\n<p>As <strong>pontes rolantes da GH Portugal<\/strong> s\u00e3o sobre tudo de constru\u00e7\u00e3o robusta e com um alto n\u00edvel de standardiza\u00e7\u00e3o. Destaca tamb\u00e9m que s\u00e3o modulares e adapt\u00e1veis. Por sua vez a combina\u00e7\u00e3o optimizada da estrutura das pontes rolantes com os equipamentos mec\u00e1nicos de eleva\u00e7\u00e3o, dire\u00e7\u00e3o e transla\u00e7\u00e3o \u00e9 mais relevante. Portanto, aproveita-se ao m\u00e1ximo o espa\u00e7o d\u00edspon\u00edvel e as cargas geradas s\u00e3o as m\u00ednimas para uma maior poupan\u00e7a na parte estrutural.<\/p>\n<p>Mais do que not\u00e1vel a estrutura da viga caix\u00e3o ou perfil comercial, optimizada mediante procesos de c\u00e1lculo inform\u00e1tico. Portanto, os nossos desenhos oferecem a melhor op\u00e7\u00e3o t\u00e9cnico mec\u00e1nica com a melhor rela\u00e7\u00e3o qualidade-pre\u00e7o.<\/p>\n<p>Destac\u00e1vel que os mecanismos utilizados nas nossas pontes rolantes industriais formam parte indivis\u00edvel das mesmas. Abarca desde a gama de diferenciais de corrente de 500 Kg at\u00e9 diferenciais de cabo de 100 toneladas.<\/p>\n<p>As pontes rolantes instaladas encontram-se em setores diversos tais como: <strong>aeron\u00e1utico, distribui\u00e7\u00e3o de ferro, sider\u00fargias, hidroel\u00e9trico, obras p\u00fablicas, estaleiros, petrol\u00edfero e industria em geral.<\/strong><\/p>\n<p>Isto faz que clientes como: EPM, AVIANCA, HMV ingenieros, ALBICO, JEJAIMES, GYJ ferreter\u00edas, PAZ DEL RIO, TERNIUM, CORPOACERO, ANDRITZ, CELSIA, ARGOS, ECOPETROL&#8230; tenham confiado nas <strong>pontes rolantes da GH Portugal<\/strong>.<\/p>\n<p>Para ver mais informa\u00e7\u00e3o sobre as pontes rolantes GH, aceda \u00e0 Web <a style=\"color: #666;\" href=\"https:\/\/www.ghcranes.com\/\">da sede<\/a>.<\/p>\n<p>[\/et_pb_text][\/et_pb_column][\/et_pb_row][et_pb_row background_position=&#8221;top_left&#8221; background_repeat=&#8221;repeat&#8221; background_size=&#8221;initial&#8221;][et_pb_column type=&#8221;4_4&#8243;][et_pb_divider color=&#8221;#ffde01&#8243; show_divider=&#8221;on&#8221; divider_style=&#8221;solid&#8221; divider_position=&#8221;top&#8221; hide_on_mobile=&#8221;on&#8221; disabled_on=&#8221;on|on|off&#8221; \/][\/et_pb_column][\/et_pb_row][et_pb_row background_position=&#8221;top_left&#8221; background_repeat=&#8221;repeat&#8221; background_size=&#8221;initial&#8221;][et_pb_column type=&#8221;4_4&#8243;][et_pb_text _builder_version=&#8221;3.2.2&#8243;]<\/p>\n<p style=\"text-align: center; font-size: 250%\">A NOSSA GAMA <span style=\"color: #fcbf00;\">DE PONTES ROLANTES<\/span><\/p>\n<p>[\/et_pb_text][\/et_pb_column][\/et_pb_row][et_pb_row background_position=&#8221;top_left&#8221; background_repeat=&#8221;repeat&#8221; background_size=&#8221;initial&#8221;][et_pb_column type=&#8221;1_3&#8243;][et_pb_image admin_label=&#8221;Puente gr\u00faa monorriel&#8221; _builder_version=&#8221;3.4.1&#8243; src=&#8221;https:\/\/portugal.ghcranes.com\/ponte-rolante-portugal\/wp-content\/uploads\/2018\/04\/gh-portugal-ponte-rolante-monoviga.jpg&#8221; alt=&#8221;Ponte rolante monoviga&#8221; \/][\/et_pb_column][et_pb_column type=&#8221;2_3&#8243;][et_pb_text _builder_version=&#8221;3.2.2&#8243;]<\/p>\n<h2 style=\"text-align: left;\">Ponte rolante monoviga<\/h2>\n<p>Destaca a standardiza\u00e7\u00e3o das pontes rolantes de configura\u00e7\u00e3o monoviga. Como resultado o m\u00e1ximo aproveitamente de espa\u00e7os, junto com a nova gama de diferenciais de cabo com desenho optimizado em \u201cC\u201d. Cabe ressalvar que resultam mais ligeiras, por tanto, oferecem menores rea\u00e7\u00f5es sobre a estrutura da nave.<\/p>\n<p>[\/et_pb_text][et_pb_text _builder_version=&#8221;3.4.1&#8243; text_orientation=&#8221;right&#8221;]<\/p>\n<p><a class=\"et_pb_bg_layout_light et_pb_module et_pb_button boton_negro\" href=\"https:\/\/portugal.ghcranes.com\/pedido-de-proposta\/\" onclick=\"return gtag_report_conversion('https:\/\/portugal.ghcranes.com\/pedido-de-proposta\/')\">Pedido de proposta<\/a><\/p>\n<p>[\/et_pb_text][\/et_pb_column][\/et_pb_row][et_pb_row background_position=&#8221;top_left&#8221; background_repeat=&#8221;repeat&#8221; background_size=&#8221;initial&#8221;][et_pb_column type=&#8221;1_3&#8243;][et_pb_image admin_label=&#8221;Puente gr\u00faa birriel&#8221; _builder_version=&#8221;3.4.1&#8243; src=&#8221;https:\/\/portugal.ghcranes.com\/ponte-rolante-portugal\/wp-content\/uploads\/2018\/04\/gh-portugal-ponte-rolante-biviga.jpg&#8221; alt=&#8221;Ponte rolante biviga&#8221; \/][\/et_pb_column][et_pb_column type=&#8221;2_3&#8243;][et_pb_text _builder_version=&#8221;3.4.1&#8243;]<\/p>\n<h2 style=\"text-align: left;\">Ponte rolante biviga<\/h2>\n<p>Destacar que as pontes rolantes biviga, devido ao sistema de c\u00e1lculo utilizado, t\u00eam o peso ajustado. Por tanto, reduz-se as cargas sobre a estrutura. Por sua vez, apresentam uma maior estabilidade para o trabalho com cargas de grande volume.<\/p>\n<p>[\/et_pb_text][et_pb_text _builder_version=&#8221;3.4.1&#8243; text_orientation=&#8221;right&#8221;]<\/p>\n<p><a class=\"et_pb_bg_layout_light et_pb_module et_pb_button boton_negro\" href=\"https:\/\/portugal.ghcranes.com\/pedido-de-proposta\/\" onclick=\"return gtag_report_conversion('https:\/\/portugal.ghcranes.com\/pedido-de-proposta\/')\">Pedido de proposta<\/a><\/p>\n<p>[\/et_pb_text][\/et_pb_column][\/et_pb_row][et_pb_row background_position=&#8221;top_left&#8221; background_repeat=&#8221;repeat&#8221; background_size=&#8221;initial&#8221;][et_pb_column type=&#8221;1_3&#8243;][et_pb_image admin_label=&#8221;Puente gr\u00faa suspendida&#8221; _builder_version=&#8221;3.4.1&#8243; src=&#8221;https:\/\/portugal.ghcranes.com\/ponte-rolante-portugal\/wp-content\/uploads\/2018\/04\/gh-portugal-ponte-rolante-suspensa.jpg&#8221; alt=&#8221;Ponte rolante suspensa&#8221; \/][\/et_pb_column][et_pb_column type=&#8221;2_3&#8243;][et_pb_text _builder_version=&#8221;3.4.1&#8243;]<\/p>\n<h2 style=\"text-align: left;\">Ponte rolante suspensa<\/h2>\n<p>Sobretudo s\u00e3o uma op\u00e7\u00e3o a ter em conta quando n\u00e3o existe possibilidade de construir uma estrutura portante para uma ponte rolante.<\/p>\n<p>Por sua vez, as pontes suspensas oferecem a possibilidade de levar estruturas em consola para aceder a zonas complicadas. <\/p>\n<p>Ao mesmo tempo, destacar tamb\u00e9m que esta classe de pontes permitem a transfer\u00eancia do diferenciais entre naves distintas.<\/p>\n<p>[\/et_pb_text][et_pb_text _builder_version=&#8221;3.4.1&#8243; text_orientation=&#8221;right&#8221;]<\/p>\n<p><a class=\"et_pb_bg_layout_light et_pb_module et_pb_button boton_negro\" href=\"https:\/\/portugal.ghcranes.com\/pedido-de-proposta\/\" onclick=\"return gtag_report_conversion('https:\/\/portugal.ghcranes.com\/pedido-de-proposta\/')\">Pedido de proposta<\/a><\/p>\n<p>[\/et_pb_text][\/et_pb_column][\/et_pb_row][et_pb_row background_position=&#8221;top_left&#8221; background_repeat=&#8221;repeat&#8221; background_size=&#8221;initial&#8221;][et_pb_column type=&#8221;1_3&#8243;][et_pb_image admin_label=&#8221;Gr\u00faas m\u00e9nsula&#8221; _builder_version=&#8221;3.4.1&#8243; src=&#8221;https:\/\/portugal.ghcranes.com\/ponte-rolante-portugal\/wp-content\/uploads\/2018\/04\/gh-portugal-ponte-rolante-em-consola.jpg&#8221; alt=&#8221;Ponte em consola&#8221; \/][\/et_pb_column][et_pb_column type=&#8221;2_3&#8243;][et_pb_text _builder_version=&#8221;3.2.2&#8243;]<\/p>\n<h2 style=\"text-align: left;\">Ponte em consola<\/h2>\n<p>Por muito que existam limita\u00e7\u00f5es de mobilidade no solo, as pontes em consola s\u00e3o uma boa solu\u00e7\u00e3o. Sobretudo quando se quere acudir a varias esta\u00e7\u00f5es de trabalho, onde n\u00e3o \u00e9 necess\u00e1rio ter que cobrir toda a largura da nave.<\/p>\n<p>\u00c9 not\u00e1vel que as pontes em consola combinam com pontes rolantes, em distribui\u00e7\u00e3o de varias pontes e diferentes alturas. Al\u00e9m disso, tendo uma ou varias pontes principais trabalhando desde a parte superior da nave e as pontes em consola a menor altura, em consequ\u00eancia conseguir\u00eda-se acudir a postos de trabalho mais espec\u00edficos.<\/p>\n<p>[\/et_pb_text][et_pb_text _builder_version=&#8221;3.4.1&#8243; text_orientation=&#8221;right&#8221;]<\/p>\n<p><a class=\"et_pb_bg_layout_light et_pb_module et_pb_button boton_negro\" href=\"https:\/\/portugal.ghcranes.com\/pedido-de-proposta\/\" onclick=\"return gtag_report_conversion('https:\/\/portugal.ghcranes.com\/pedido-de-proposta\/')\">Pedido de proposta<\/a><\/p>\n<p>[\/et_pb_text][\/et_pb_column][\/et_pb_row][et_pb_row background_position=&#8221;top_left&#8221; background_repeat=&#8221;repeat&#8221; background_size=&#8221;initial&#8221;][et_pb_column type=&#8221;4_4&#8243;][et_pb_divider color=&#8221;#ffde01&#8243; show_divider=&#8221;on&#8221; disabled_on=&#8221;on|on|off&#8221; _builder_version=&#8221;3.2&#8243; height=&#8221;1px&#8221; \/][\/et_pb_column][\/et_pb_row][et_pb_row background_position=&#8221;top_left&#8221; background_repeat=&#8221;repeat&#8221; background_size=&#8221;initial&#8221;][et_pb_column type=&#8221;4_4&#8243;][et_pb_text use_border_color=&#8221;off&#8221; background_position=&#8221;top_left&#8221; background_repeat=&#8221;repeat&#8221; background_size=&#8221;initial&#8221; module_alignment=&#8221;left&#8221; _builder_version=&#8221;3.2.2&#8243;]<\/p>\n<p><strong>De assinalar que as 112.000 pontes rolantes atestam \u00e0 experi\u00eancia da GH na solu\u00e7\u00e3o para manipula\u00e7\u00e3o de materiais.<\/strong><\/p>\n<p><strong>GH Portugal<\/strong> como grupo empresarial dedica-se ao f\u00e1brico integral de pontes rolantes. Empresa fabricante pricipalmente de diferenciais, pontes rolantes e componentes para pontes rolantes. Na sua gama de produtos podemos encontrar outros produtos como p\u00f3rticos, p\u00f3rticos automotores, gruas de marina, carrretons, etc.<\/p>\n<p>S\u00e3o j\u00e1 <strong>ma\u00eds de 70 pa\u00edses<\/strong> atrav\u00e9s de delega\u00e7\u00f5es comerciais. \u00c9 especialmente relevante indicar que os nossos produtos est\u00f5 instalados em praticamente todos os setores industriais.<\/p>\n<p>\u00c9 mais que poss\u00edvel que devido \u00e0 nossa experi\u00eancia e reconhecimento dos nossos clientes, <strong>GH <\/strong>esteja  entre os princ\u00edpais fabricantes no setor de eleva\u00e7\u00e3o.<\/p>\n<p>[\/et_pb_text][\/et_pb_column][\/et_pb_row][\/et_pb_section][et_pb_section bb_built=&#8221;1&#8243; fullwidth=&#8221;off&#8221; specialty=&#8221;off&#8221; prev_background_color=&#8221;rgba(255,255,255,0)&#8221; _builder_version=&#8221;3.0.106&#8243; background_color=&#8221;#ffffff&#8221; background_image=&#8221;https:\/\/portugal.ghcranes.com\/ponte-rolante-portugal\/wp-content\/uploads\/2018\/04\/pie.png&#8221; custom_padding=&#8221;0px|||&#8221;][et_pb_row _builder_version=&#8221;3.0.106&#8243; custom_padding=&#8221;0px|||&#8221;][et_pb_column type=&#8221;1_2&#8243;][et_pb_text _builder_version=&#8221;3.4.1&#8243;]<\/p>\n<p><img loading=\"lazy\" class=\"alignright wp-image-87\" style=\"margin-right: -5%;\" src=\"https:\/\/portugal.ghcranes.com\/ponte-rolante-portugal\/wp-content\/uploads\/2016\/08\/logo_GH-300x129.png\" alt=\"Logo GH Cranes &amp; Components - Ponte rolante\" width=\"114\" height=\"49\" srcset=\"https:\/\/portugal.ghcranes.com\/ponte-rolante-portugal\/wp-content\/uploads\/2016\/08\/logo_GH-300x129.png 300w, https:\/\/portugal.ghcranes.com\/ponte-rolante-portugal\/wp-content\/uploads\/2016\/08\/logo_GH.png 600w\" sizes=\"(max-width: 114px) 100vw, 114px\" \/><\/p>\n<p>[\/et_pb_text][\/et_pb_column][et_pb_column type=&#8221;1_2&#8243;][et_pb_text _builder_version=&#8221;3.4.1&#8243;]<\/p>\n<p style=\"font-size: 90%; line-height: 20px; margin-top: -5px;\"><strong>GH PORTUGAL<\/strong><br \/>\nZona Industrial do Soeiro, Lote 9 &#8211; 4745-399 S. Mamede Coronado (PORTUGAL)<br \/>\nT: +351 229 821 688 &#8211; F: +351 229 821 687 &#8211; mail: <span style=\"color: #808080;\"><a style=\"color: #666;\" href=\"mailto:geral@ghsa.com\">geral@ghsa.com<\/a><\/span><\/p>\n<p>[\/et_pb_text][\/et_pb_column][\/et_pb_row][\/et_pb_section]<\/p>\n","protected":false},"excerpt":{"rendered":"<p>[et_pb_section bb_built=&#8221;1&#8243; fullwidth=&#8221;off&#8221; specialty=&#8221;off&#8221; transparent_background=&#8221;off&#8221; background_color=&#8221;#ffde01&#8243; allow_player_pause=&#8221;off&#8221; inner_shadow=&#8221;off&#8221; parallax=&#8221;off&#8221; parallax_method=&#8221;off&#8221; padding_mobile=&#8221;off&#8221; make_fullwidth=&#8221;off&#8221; use_custom_width=&#8221;off&#8221; width_unit=&#8221;on&#8221; make_equal=&#8221;off&#8221; use_custom_gutter=&#8221;off&#8221; custom_padding=&#8221;0px||0px|&#8221; custom_padding_last_edited=&#8221;off|desktop&#8221; custom_padding_tablet=&#8221;50px|0|50px|0&#8243; next_background_color=&#8221;#FFFFFF&#8221;][et_pb_row make_fullwidth=&#8221;off&#8221; use_custom_width=&#8221;off&#8221; width_unit=&#8221;on&#8221; use_custom_gutter=&#8221;off&#8221; padding_mobile=&#8221;off&#8221; allow_player_pause=&#8221;off&#8221; parallax=&#8221;off&#8221; parallax_method=&#8221;off&#8221; make_equal=&#8221;off&#8221; parallax_1=&#8221;off&#8221; parallax_method_1=&#8221;off&#8221; parallax_2=&#8221;off&#8221; parallax_method_2=&#8221;off&#8221; column_padding_mobile=&#8221;on&#8221; custom_padding=&#8221;5px||5px|&#8221; parallax_3=&#8221;off&#8221; parallax_method_3=&#8221;off&#8221; background_position=&#8221;top_left&#8221; background_repeat=&#8221;repeat&#8221; background_size=&#8221;initial&#8221;][et_pb_column type=&#8221;1_3&#8243;][et_pb_image admin_label=&#8221;Logo&#8221; src=&#8221;https:\/\/portugal.ghcranes.com\/ponte-rolante-portugal\/wp-content\/uploads\/2018\/04\/logo_GH-portugal.png&#8221; alt=&#8221;Logo GH Cranes &amp; Components&#8221; use_border_color=&#8221;off&#8221; custom_margin=&#8221;10px||10px|&#8221; url=&#8221;https:\/\/portugal.ghcranes.com\/ponte-rolante-portugal\/&#8221; _builder_version=&#8221;3.2.2&#8243; \/][\/et_pb_column][et_pb_column type=&#8221;2_3&#8243;][et_pb_text admin_label=&#8221;Titulo&#8221; [&hellip;]<\/p>\n","protected":false},"author":1,"featured_media":0,"parent":0,"menu_order":0,"comment_status":"closed","ping_status":"closed","template":"","meta":{"_et_pb_use_builder":"on","_et_pb_old_content":"","_et_gb_content_width":"","_monsterinsights_skip_tracking":false,"_monsterinsights_sitenote_active":false,"_monsterinsights_sitenote_note":"","_monsterinsights_sitenote_category":0},"yoast_head":"<!-- This site is optimized with the Yoast SEO plugin v15.6.2 - https:\/\/yoast.com\/wordpress\/plugins\/seo\/ -->\n<title>GH GR\u00daAS Y COMPONENTES - PONTE ROLANTE - PORTUGAL<\/title>\n<meta name=\"description\" content=\"Ponte rolante para qualquer solu\u00e7\u00e3o no levantamento de carga na ind\u00fastria. 60 anos de experi\u00eancia na fabrica\u00e7\u00e3o de pontes rolantes para todos os tipos de setores industriais. Ponte rolante monoviga, ponte rolante biviga, ponte rolante suspensa, ponte em consola.\" \/>\n<meta name=\"robots\" content=\"index, follow, max-snippet:-1, max-image-preview:large, max-video-preview:-1\" \/>\n<link rel=\"canonical\" href=\"https:\/\/portugal.ghcranes.com\/ponte-rolante-portugal\/ponte-rolante\/\" \/>\n<meta property=\"og:locale\" content=\"es_ES\" \/>\n<meta property=\"og:type\" content=\"article\" \/>\n<meta property=\"og:title\" content=\"GH GR\u00daAS Y COMPONENTES - PONTE ROLANTE - PORTUGAL\" \/>\n<meta property=\"og:description\" content=\"Ponte rolante para qualquer solu\u00e7\u00e3o no levantamento de carga na ind\u00fastria. 60 anos de experi\u00eancia na fabrica\u00e7\u00e3o de pontes rolantes para todos os tipos de setores industriais. Ponte rolante monoviga, ponte rolante biviga, ponte rolante suspensa, ponte em consola.\" \/>\n<meta property=\"og:url\" content=\"https:\/\/portugal.ghcranes.com\/ponte-rolante-portugal\/ponte-rolante\/\" \/>\n<meta property=\"og:site_name\" content=\"Ponte Rolante Portugal\" \/>\n<meta property=\"article:modified_time\" content=\"2018-10-16T08:29:17+00:00\" \/>\n<meta property=\"og:image\" content=\"https:\/\/portugal.ghcranes.com\/ponte-rolante-portugal\/wp-content\/uploads\/2016\/08\/logo_GH-300x129.png\" \/>\n<meta name=\"twitter:card\" content=\"summary_large_image\" \/>\n<meta name=\"twitter:label1\" content=\"Tiempo de lectura\">\n\t<meta name=\"twitter:data1\" content=\"8 minutos\">\n<script type=\"application\/ld+json\" class=\"yoast-schema-graph\">{\"@context\":\"https:\/\/schema.org\",\"@graph\":[{\"@type\":\"WebSite\",\"@id\":\"https:\/\/portugal.ghcranes.com\/ponte-rolante-portugal\/#website\",\"url\":\"https:\/\/portugal.ghcranes.com\/ponte-rolante-portugal\/\",\"name\":\"Ponte Rolante Portugal\",\"description\":\"GH fabricante de gr\\u00faas y polipastos\",\"potentialAction\":[{\"@type\":\"SearchAction\",\"target\":\"https:\/\/portugal.ghcranes.com\/ponte-rolante-portugal\/?s={search_term_string}\",\"query-input\":\"required name=search_term_string\"}],\"inLanguage\":\"es\"},{\"@type\":\"ImageObject\",\"@id\":\"https:\/\/portugal.ghcranes.com\/ponte-rolante-portugal\/ponte-rolante\/#primaryimage\",\"inLanguage\":\"es\",\"url\":\"https:\/\/portugal.ghcranes.com\/ponte-rolante-portugal\/wp-content\/uploads\/2016\/08\/logo_GH.png\",\"width\":600,\"height\":257,\"caption\":\"Logo GH Cranes & Components\"},{\"@type\":\"WebPage\",\"@id\":\"https:\/\/portugal.ghcranes.com\/ponte-rolante-portugal\/ponte-rolante\/#webpage\",\"url\":\"https:\/\/portugal.ghcranes.com\/ponte-rolante-portugal\/ponte-rolante\/\",\"name\":\"GH GR\\u00daAS Y COMPONENTES - PONTE ROLANTE - PORTUGAL\",\"isPartOf\":{\"@id\":\"https:\/\/portugal.ghcranes.com\/ponte-rolante-portugal\/#website\"},\"primaryImageOfPage\":{\"@id\":\"https:\/\/portugal.ghcranes.com\/ponte-rolante-portugal\/ponte-rolante\/#primaryimage\"},\"datePublished\":\"2018-03-22T16:06:01+00:00\",\"dateModified\":\"2018-10-16T08:29:17+00:00\",\"description\":\"Ponte rolante para qualquer solu\\u00e7\\u00e3o no levantamento de carga na ind\\u00fastria. 60 anos de experi\\u00eancia na fabrica\\u00e7\\u00e3o de pontes rolantes para todos os tipos de setores industriais. Ponte rolante monoviga, ponte rolante biviga, ponte rolante suspensa, ponte em consola.\",\"inLanguage\":\"es\",\"potentialAction\":[{\"@type\":\"ReadAction\",\"target\":[\"https:\/\/portugal.ghcranes.com\/ponte-rolante-portugal\/ponte-rolante\/\"]}]}]}<\/script>\n<!-- \/ Yoast SEO plugin. -->","_links":{"self":[{"href":"https:\/\/portugal.ghcranes.com\/ponte-rolante-portugal\/wp-json\/wp\/v2\/pages\/540"}],"collection":[{"href":"https:\/\/portugal.ghcranes.com\/ponte-rolante-portugal\/wp-json\/wp\/v2\/pages"}],"about":[{"href":"https:\/\/portugal.ghcranes.com\/ponte-rolante-portugal\/wp-json\/wp\/v2\/types\/page"}],"author":[{"embeddable":true,"href":"https:\/\/portugal.ghcranes.com\/ponte-rolante-portugal\/wp-json\/wp\/v2\/users\/1"}],"replies":[{"embeddable":true,"href":"https:\/\/portugal.ghcranes.com\/ponte-rolante-portugal\/wp-json\/wp\/v2\/comments?post=540"}],"version-history":[{"count":73,"href":"https:\/\/portugal.ghcranes.com\/ponte-rolante-portugal\/wp-json\/wp\/v2\/pages\/540\/revisions"}],"predecessor-version":[{"id":793,"href":"https:\/\/portugal.ghcranes.com\/ponte-rolante-portugal\/wp-json\/wp\/v2\/pages\/540\/revisions\/793"}],"wp:attachment":[{"href":"https:\/\/portugal.ghcranes.com\/ponte-rolante-portugal\/wp-json\/wp\/v2\/media?parent=540"}],"curies":[{"name":"wp","href":"https:\/\/api.w.org\/{rel}","templated":true}]}}