{"id":804,"date":"2020-11-03T09:29:25","date_gmt":"2020-11-03T08:29:25","guid":{"rendered":"https:\/\/portugal.ghcranes.com\/ponte-rolante-portugal\/?page_id=804"},"modified":"2020-11-03T09:29:28","modified_gmt":"2020-11-03T08:29:28","slug":"politica-de-privacidade","status":"publish","type":"page","link":"https:\/\/portugal.ghcranes.com\/ponte-rolante-portugal\/politica-de-privacidade\/","title":{"rendered":"Pol\u00edtica de privacidade"},"content":{"rendered":"<p>[et_pb_section fb_built=&#8221;1&#8243; custom_padding_last_edited=&#8221;off|desktop&#8221; _builder_version=&#8221;3.22&#8243; background_color=&#8221;#ffde01&#8243; custom_padding=&#8221;0px||0px|&#8221; custom_padding_tablet=&#8221;50px|0|50px|0&#8243; transparent_background=&#8221;off&#8221; padding_mobile=&#8221;off&#8221;][et_pb_row padding_mobile=&#8221;off&#8221; column_padding_mobile=&#8221;on&#8221; _builder_version=&#8221;3.25&#8243; background_size=&#8221;initial&#8221; background_position=&#8221;top_left&#8221; background_repeat=&#8221;repeat&#8221; custom_padding=&#8221;5px||5px|&#8221; column_structure=&#8221;1_3,2_3&#8243;][et_pb_column type=&#8221;1_3&#8243; _builder_version=&#8221;3.25&#8243; custom_padding=&#8221;|||&#8221; custom_padding__hover=&#8221;|||&#8221;][et_pb_image src=&#8221;https:\/\/portugal.ghcranes.com\/ponte-rolante-portugal\/wp-content\/uploads\/2018\/04\/logo_GH-portugal.png&#8221; alt=&#8221;Logo GH Cranes &#038; Components&#8221; url=&#8221;https:\/\/portugal.ghcranes.com\/ponte-rolante-portugal\/&#8221; align_tablet=&#8221;center&#8221; align_last_edited=&#8221;on|desktop&#8221; admin_label=&#8221;Logo&#8221; _builder_version=&#8221;3.23&#8243; custom_margin=&#8221;10px||10px|&#8221; use_border_color=&#8221;off&#8221;][\/et_pb_image][\/et_pb_column][et_pb_column type=&#8221;2_3&#8243; _builder_version=&#8221;3.25&#8243; custom_padding=&#8221;|||&#8221; custom_padding__hover=&#8221;|||&#8221;][\/et_pb_column][\/et_pb_row][\/et_pb_section][et_pb_section fb_built=&#8221;1&#8243; custom_padding_last_edited=&#8221;on|desktop&#8221; admin_label=&#8221;section&#8221; _builder_version=&#8221;3.22&#8243; background_color=&#8221;rgba(255,255,255,0)&#8221; custom_padding_tablet=&#8221;50px|0|50px|0&#8243; custom_padding_phone=&#8221;&#8221; transparent_background=&#8221;on&#8221; padding_mobile=&#8221;off&#8221;][et_pb_row _builder_version=&#8221;3.25&#8243; background_size=&#8221;initial&#8221; background_position=&#8221;top_left&#8221; background_repeat=&#8221;repeat&#8221;][et_pb_column type=&#8221;4_4&#8243; _builder_version=&#8221;3.25&#8243; custom_padding=&#8221;|||&#8221; custom_padding__hover=&#8221;|||&#8221;][et_pb_text _builder_version=&#8221;4.6.6&#8243; background_size=&#8221;initial&#8221; background_position=&#8221;top_left&#8221; background_repeat=&#8221;repeat&#8221; module_alignment=&#8221;left&#8221; hover_enabled=&#8221;0&#8243; use_border_color=&#8221;off&#8221; sticky_enabled=&#8221;0&#8243;]<\/p>\n<h1>Pol\u00edtica de privacidade<\/h1>\n<p>&nbsp;<\/p>\n<p>Atrav\u00e9s deste aviso, GH CRANES &amp; COMPONENTS informa os usu\u00e1rios do site sobre sua Pol\u00edtica de Prote\u00e7\u00e3o de Dados Pessoais para que decidam livre e voluntariamente se desejam fornecer os dados pessoais que nela possam ser solicitados. .<\/p>\n<p>GH CRANES &amp; COMPONENTS compromete-se a manter a sua Pol\u00edtica de Prote\u00e7\u00e3o de Dados atualizada de acordo com as eventuais altera\u00e7\u00f5es legislativas e jurisprudenciais que venham a ocorrer. Tais modifica\u00e7\u00f5es ser\u00e3o publicadas neste site, disponibilizando os recursos necess\u00e1rios para que o usu\u00e1rio as leia. Em qualquer caso, a rela\u00e7\u00e3o com os usu\u00e1rios ser\u00e1 regida pelas regras estabelecidas no momento preciso do acesso ao site.<\/p>\n<p>&nbsp;<\/p>\n<h2>1. Respons\u00e1vel pelo Tratamento.<\/h2>\n<p>Os dados pessoais recolhidos ser\u00e3o processados &#8203;&#8203;por GH CRANES &amp; COMPONENTS, com endere\u00e7o fiscal em Apdo. 27 \u2013 B Salbatore, 20200 Beasain (Gipuzkoa) Espanha.<\/p>\n<p>O usu\u00e1rio poder\u00e1 nos fornecer voluntariamente informa\u00e7\u00f5es pessoais, seja por meio do formul\u00e1rio de coleta de dados, seja por meio dos endere\u00e7os de e-mail fornecidos para esse fim. O fornecimento de quaisquer dados pessoais atrav\u00e9s do formul\u00e1rio e endere\u00e7os de e-mail neste site implica aceitar e consentir com o seu tratamento nos termos indicados nesta pol\u00edtica de privacidade.<\/p>\n<p>&nbsp;<\/p>\n<h2>2. Finalidades do tratamento de dados pessoais.<\/h2>\n<p>Os objetivos de coleta e processamento de seus dados pessoais s\u00e3o:<\/p>\n<p>Responda a perguntas, pedidos ou solicita\u00e7\u00f5es.<\/p>\n<p>Informa\u00e7\u00e3o por meio eletr\u00f4nico, referente a uma solicita\u00e7\u00e3o.<\/p>\n<p>&nbsp;<\/p>\n<h2>3. Legitima\u00e7\u00e3o.<\/h2>\n<p>As bases legais que legitimam os tratamentos indicados s\u00e3o o consentimento do usu\u00e1rio e o leg\u00edtimo interesse da GH CRANES &amp; COMPONENTS pela melhor presta\u00e7\u00e3o dos servi\u00e7os.<\/p>\n<p>&nbsp;<\/p>\n<h2>4. Destinat\u00e1rios de dados pessoais.<\/h2>\n<p>Nenhum dado ser\u00e1 transferido a terceiros, exceto por obriga\u00e7\u00e3o legal.<\/p>\n<p>&nbsp;<\/p>\n<h2>5. Direitos das partes interessadas.<\/h2>\n<p>Os utilizadores t\u00eam o direito de aceder aos seus dados pessoais, de os retificar ou eliminar, de limitar o seu tratamento ou de se opor, \u00e0 portabilidade dos dados, de n\u00e3o ser objecto de decis\u00f5es baseadas exclusivamente no tratamento automatizado dos dados. , \u00e0 revoga\u00e7\u00e3o do consentimento dado e \u00e0 apresenta\u00e7\u00e3o de reclama\u00e7\u00f5es \u00e0s autoridades de controle.<\/p>\n<p>Os utilizadores podem exercer os seus direitos e, em geral, consultar todas as quest\u00f5es relativas ao tratamento dos seus dados pessoais, mediante pedido por escrito \u00e0 entidade respons\u00e1vel, GH CRANES &amp; COMPONENTS, quer por email para o endere\u00e7o ghcranes@ghcranes.com, ou Quer por correio para o endere\u00e7o: Apdo. 27 \u2013 B Salbatore, 20200 Beasain (Gipuzkoa) Espanha, em ambos os casos com a refer\u00eancia \u00abDados pessoais\u00bb, e uma c\u00f3pia do seu documento de identidade nacional ou outro documento deve acompanhar o seu pedido oficial que serve para comprovar sua identidade.<\/p>\n<p>O utilizador ser\u00e1 respons\u00e1vel, em qualquer caso, pela veracidade dos dados fornecidos, reservando-se GH CRANES &amp; COMPONENTS o direito de excluir qualquer utilizador que tenha fornecido dados falsos, sem preju\u00edzo das demais ac\u00e7\u00f5es que vierem a decorrer na lei. O usu\u00e1rio \u00e9 respons\u00e1vel por comunicar qualquer modifica\u00e7\u00e3o dos dados pessoais fornecidos.<\/p>\n<p>&nbsp;<\/p>\n<h2>6. Per\u00edodo de conserva\u00e7\u00e3o dos dados.<\/h2>\n<p>S\u00f3 armazenamos os dados pessoais dos utilizadores na medida em que os necessitamos para os podermos utilizar de acordo com o fim para o qual foram recolhidos e de acordo com a base jur\u00eddica do seu tratamento. Manteremos os dados pessoais enquanto o utilizador permanecer ligado ao respons\u00e1vel e este n\u00e3o exercer o direito de suprimir, cancelar e \/ ou limitar o tratamento dos dados pessoais.<\/p>\n<p>Nestes casos iremos manter os dados devidamente bloqueados, sem lhes dar qualquer utilidade, desde que sejam necess\u00e1rios para o exerc\u00edcio ou defesa de reclama\u00e7\u00f5es ou algum tipo de responsabilidade judicial, legal ou contratual possa surgir do seu tratamento, que deve ser atendido e para o qual \u00e9 recupera\u00e7\u00e3o necess\u00e1ria.<\/p>\n<p>&nbsp;<\/p>\n<h2>7. Medidas de seguran\u00e7a.<\/h2>\n<p>GH CRANES &amp; COMPONENTS, adoptou os n\u00edveis de seguran\u00e7a de protec\u00e7\u00e3o de dados pessoais exigidos pela regulamenta\u00e7\u00e3o em vigor, em fun\u00e7\u00e3o do tipo de informa\u00e7\u00e3o processada e implementou outros meios e medidas t\u00e9cnicas adicionais ao seu dispor para evitar a sua altera\u00e7\u00e3o, perda, tratamento ou acesso n\u00e3o autorizado aos dados pessoais fornecidos. GH CRANES &amp; COMPONENTS garante que adoptou as medidas de seguran\u00e7a adequadas para garantir a seguran\u00e7a da informa\u00e7\u00e3o e a confidencialidade dos dados que nos envia atrav\u00e9s da Internet.<\/p>\n<p>[\/et_pb_text][\/et_pb_column][\/et_pb_row][et_pb_row _builder_version=&#8221;4.6.6&#8243; background_size=&#8221;initial&#8221; background_position=&#8221;top_left&#8221; background_repeat=&#8221;repeat&#8221; hover_enabled=&#8221;0&#8243; sticky_enabled=&#8221;0&#8243;][et_pb_column type=&#8221;4_4&#8243; _builder_version=&#8221;3.25&#8243; custom_padding=&#8221;|||&#8221; custom_padding__hover=&#8221;|||&#8221;][et_pb_divider color=&#8221;#ffde01&#8243; disabled_on=&#8221;on|on|off&#8221; _builder_version=&#8221;4.6.6&#8243; hover_enabled=&#8221;0&#8243; hide_on_mobile=&#8221;on&#8221; sticky_enabled=&#8221;0&#8243;][\/et_pb_divider][\/et_pb_column][\/et_pb_row][\/et_pb_section][et_pb_section fb_built=&#8221;1&#8243; _builder_version=&#8221;3.22&#8243; background_color=&#8221;#ffffff&#8221; background_image=&#8221;https:\/\/portugal.ghcranes.com\/ponte-rolante-portugal\/wp-content\/uploads\/2018\/04\/pie.png&#8221; custom_padding=&#8221;0px|||&#8221;][et_pb_row _builder_version=&#8221;3.25&#8243; custom_padding=&#8221;0px|||&#8221; column_structure=&#8221;1_2,1_2&#8243;][et_pb_column type=&#8221;1_2&#8243; _builder_version=&#8221;3.25&#8243; custom_padding=&#8221;|||&#8221; custom_padding__hover=&#8221;|||&#8221;][et_pb_text _builder_version=&#8221;3.27.4&#8243;]<img loading=\"lazy\" class=\"alignright wp-image-87\" style=\"margin-right: -5%;\" src=\"https:\/\/portugal.ghcranes.com\/ponte-rolante-portugal\/wp-content\/uploads\/2016\/08\/logo_GH-300x129.png\" alt=\"Logo GH Cranes &amp; Components - Diferenciais\" width=\"114\" height=\"49\" srcset=\"https:\/\/portugal.ghcranes.com\/ponte-rolante-portugal\/wp-content\/uploads\/2016\/08\/logo_GH-300x129.png 300w, https:\/\/portugal.ghcranes.com\/ponte-rolante-portugal\/wp-content\/uploads\/2016\/08\/logo_GH.png 600w\" sizes=\"(max-width: 114px) 100vw, 114px\" \/><br \/>\n[\/et_pb_text][\/et_pb_column][et_pb_column type=&#8221;1_2&#8243; _builder_version=&#8221;3.25&#8243; custom_padding=&#8221;|||&#8221; custom_padding__hover=&#8221;|||&#8221;][et_pb_text _builder_version=&#8221;3.27.4&#8243;]<\/p>\n<p style=\"font-size: 90%; line-height: 20px; margin-top: -5px;\"><strong>GH PORTUGAL<\/strong><br \/>\nZona Industrial do Soeiro, Lote 9 &#8211; 4745-399 S. Mamede Coronado (PORTUGAL)<br \/>\nT: +351 229 821 688 &#8211; F: +351 229 821 687 &#8211; mail: <span style=\"color: #808080;\"><a style=\"color: #666;\" href=\"mailto:geral@ghsa.com\">geral@ghsa.com<\/a><\/span><\/p>\n<p>[\/et_pb_text][\/et_pb_column][\/et_pb_row][\/et_pb_section]<\/p>\n","protected":false},"excerpt":{"rendered":"<p>[et_pb_section fb_built=&#8221;1&#8243; custom_padding_last_edited=&#8221;off|desktop&#8221; _builder_version=&#8221;3.22&#8243; background_color=&#8221;#ffde01&#8243; custom_padding=&#8221;0px||0px|&#8221; custom_padding_tablet=&#8221;50px|0|50px|0&#8243; transparent_background=&#8221;off&#8221; padding_mobile=&#8221;off&#8221;][et_pb_row padding_mobile=&#8221;off&#8221; column_padding_mobile=&#8221;on&#8221; _builder_version=&#8221;3.25&#8243; background_size=&#8221;initial&#8221; background_position=&#8221;top_left&#8221; background_repeat=&#8221;repeat&#8221; custom_padding=&#8221;5px||5px|&#8221; column_structure=&#8221;1_3,2_3&#8243;][et_pb_column type=&#8221;1_3&#8243; _builder_version=&#8221;3.25&#8243; custom_padding=&#8221;|||&#8221; custom_padding__hover=&#8221;|||&#8221;][et_pb_image src=&#8221;https:\/\/portugal.ghcranes.com\/ponte-rolante-portugal\/wp-content\/uploads\/2018\/04\/logo_GH-portugal.png&#8221; alt=&#8221;Logo GH Cranes &#038; Components&#8221; url=&#8221;https:\/\/portugal.ghcranes.com\/ponte-rolante-portugal\/&#8221; align_tablet=&#8221;center&#8221; align_last_edited=&#8221;on|desktop&#8221; admin_label=&#8221;Logo&#8221; _builder_version=&#8221;3.23&#8243; custom_margin=&#8221;10px||10px|&#8221; use_border_color=&#8221;off&#8221;][\/et_pb_image][\/et_pb_column][et_pb_column type=&#8221;2_3&#8243; _builder_version=&#8221;3.25&#8243; custom_padding=&#8221;|||&#8221; custom_padding__hover=&#8221;|||&#8221;][\/et_pb_column][\/et_pb_row][\/et_pb_section][et_pb_section fb_built=&#8221;1&#8243; custom_padding_last_edited=&#8221;on|desktop&#8221; admin_label=&#8221;section&#8221; _builder_version=&#8221;3.22&#8243; background_color=&#8221;rgba(255,255,255,0)&#8221; custom_padding_tablet=&#8221;50px|0|50px|0&#8243; custom_padding_phone=&#8221;&#8221; transparent_background=&#8221;on&#8221; padding_mobile=&#8221;off&#8221;][et_pb_row _builder_version=&#8221;3.25&#8243; background_size=&#8221;initial&#8221; background_position=&#8221;top_left&#8221; background_repeat=&#8221;repeat&#8221;][et_pb_column type=&#8221;4_4&#8243; _builder_version=&#8221;3.25&#8243; custom_padding=&#8221;|||&#8221; custom_padding__hover=&#8221;|||&#8221;][et_pb_text [&hellip;]<\/p>\n","protected":false},"author":1,"featured_media":0,"parent":0,"menu_order":0,"comment_status":"closed","ping_status":"closed","template":"","meta":{"_et_pb_use_builder":"on","_et_pb_old_content":"","_et_gb_content_width":"","_monsterinsights_skip_tracking":false,"_monsterinsights_sitenote_active":false,"_monsterinsights_sitenote_note":"","_monsterinsights_sitenote_category":0},"yoast_head":"<!-- This site is optimized with the Yoast SEO plugin v15.6.2 - https:\/\/yoast.com\/wordpress\/plugins\/seo\/ -->\n<title>GH GR\u00daAS Y COMPONENTES - DIFERENCIAIS - PORTUGAL<\/title>\n<meta name=\"description\" content=\"As mais modernas tecnologias de design levaram a GH a ser considerada uma das principais construtoras europ\u00e9ias no setor de eleva\u00e7\u00e3o. As diferenciais GH incorporam como padr\u00e3o o sistema de controle e monitoramento do Per\u00edodo Operacional Seguro.\" \/>\n<meta name=\"robots\" content=\"index, follow, max-snippet:-1, max-image-preview:large, max-video-preview:-1\" \/>\n<link rel=\"canonical\" href=\"https:\/\/portugal.ghcranes.com\/ponte-rolante-portugal\/politica-de-privacidade\/\" \/>\n<meta property=\"og:locale\" content=\"es_ES\" \/>\n<meta property=\"og:type\" content=\"article\" \/>\n<meta property=\"og:title\" content=\"GH GR\u00daAS Y COMPONENTES - DIFERENCIAIS - PORTUGAL\" \/>\n<meta property=\"og:description\" content=\"As mais modernas tecnologias de design levaram a GH a ser considerada uma das principais construtoras europ\u00e9ias no setor de eleva\u00e7\u00e3o. As diferenciais GH incorporam como padr\u00e3o o sistema de controle e monitoramento do Per\u00edodo Operacional Seguro.\" \/>\n<meta property=\"og:url\" content=\"https:\/\/portugal.ghcranes.com\/ponte-rolante-portugal\/politica-de-privacidade\/\" \/>\n<meta property=\"og:site_name\" content=\"Ponte Rolante Portugal\" \/>\n<meta property=\"article:modified_time\" content=\"2020-11-03T08:29:28+00:00\" \/>\n<meta property=\"og:image\" content=\"https:\/\/portugal.ghcranes.com\/ponte-rolante-portugal\/wp-content\/uploads\/2016\/08\/logo_GH-300x129.png\" \/>\n<meta name=\"twitter:card\" content=\"summary_large_image\" \/>\n<meta name=\"twitter:label1\" content=\"Tiempo de lectura\">\n\t<meta name=\"twitter:data1\" content=\"6 minutos\">\n<script type=\"application\/ld+json\" class=\"yoast-schema-graph\">{\"@context\":\"https:\/\/schema.org\",\"@graph\":[{\"@type\":\"WebSite\",\"@id\":\"https:\/\/portugal.ghcranes.com\/ponte-rolante-portugal\/#website\",\"url\":\"https:\/\/portugal.ghcranes.com\/ponte-rolante-portugal\/\",\"name\":\"Ponte Rolante Portugal\",\"description\":\"GH fabricante de gr\\u00faas y polipastos\",\"potentialAction\":[{\"@type\":\"SearchAction\",\"target\":\"https:\/\/portugal.ghcranes.com\/ponte-rolante-portugal\/?s={search_term_string}\",\"query-input\":\"required name=search_term_string\"}],\"inLanguage\":\"es\"},{\"@type\":\"ImageObject\",\"@id\":\"https:\/\/portugal.ghcranes.com\/ponte-rolante-portugal\/politica-de-privacidade\/#primaryimage\",\"inLanguage\":\"es\",\"url\":\"https:\/\/portugal.ghcranes.com\/ponte-rolante-portugal\/wp-content\/uploads\/2016\/08\/logo_GH.png\",\"width\":600,\"height\":257,\"caption\":\"Logo GH Cranes & Components\"},{\"@type\":\"WebPage\",\"@id\":\"https:\/\/portugal.ghcranes.com\/ponte-rolante-portugal\/politica-de-privacidade\/#webpage\",\"url\":\"https:\/\/portugal.ghcranes.com\/ponte-rolante-portugal\/politica-de-privacidade\/\",\"name\":\"GH GR\\u00daAS Y COMPONENTES - DIFERENCIAIS - PORTUGAL\",\"isPartOf\":{\"@id\":\"https:\/\/portugal.ghcranes.com\/ponte-rolante-portugal\/#website\"},\"primaryImageOfPage\":{\"@id\":\"https:\/\/portugal.ghcranes.com\/ponte-rolante-portugal\/politica-de-privacidade\/#primaryimage\"},\"datePublished\":\"2020-11-03T08:29:25+00:00\",\"dateModified\":\"2020-11-03T08:29:28+00:00\",\"description\":\"As mais modernas tecnologias de design levaram a GH a ser considerada uma das principais construtoras europ\\u00e9ias no setor de eleva\\u00e7\\u00e3o. As diferenciais GH incorporam como padr\\u00e3o o sistema de controle e monitoramento do Per\\u00edodo Operacional Seguro.\",\"inLanguage\":\"es\",\"potentialAction\":[{\"@type\":\"ReadAction\",\"target\":[\"https:\/\/portugal.ghcranes.com\/ponte-rolante-portugal\/politica-de-privacidade\/\"]}]}]}<\/script>\n<!-- \/ Yoast SEO plugin. -->","_links":{"self":[{"href":"https:\/\/portugal.ghcranes.com\/ponte-rolante-portugal\/wp-json\/wp\/v2\/pages\/804"}],"collection":[{"href":"https:\/\/portugal.ghcranes.com\/ponte-rolante-portugal\/wp-json\/wp\/v2\/pages"}],"about":[{"href":"https:\/\/portugal.ghcranes.com\/ponte-rolante-portugal\/wp-json\/wp\/v2\/types\/page"}],"author":[{"embeddable":true,"href":"https:\/\/portugal.ghcranes.com\/ponte-rolante-portugal\/wp-json\/wp\/v2\/users\/1"}],"replies":[{"embeddable":true,"href":"https:\/\/portugal.ghcranes.com\/ponte-rolante-portugal\/wp-json\/wp\/v2\/comments?post=804"}],"version-history":[{"count":2,"href":"https:\/\/portugal.ghcranes.com\/ponte-rolante-portugal\/wp-json\/wp\/v2\/pages\/804\/revisions"}],"predecessor-version":[{"id":811,"href":"https:\/\/portugal.ghcranes.com\/ponte-rolante-portugal\/wp-json\/wp\/v2\/pages\/804\/revisions\/811"}],"wp:attachment":[{"href":"https:\/\/portugal.ghcranes.com\/ponte-rolante-portugal\/wp-json\/wp\/v2\/media?parent=804"}],"curies":[{"name":"wp","href":"https:\/\/api.w.org\/{rel}","templated":true}]}}